{"id":4715,"date":"2014-07-06T02:25:39","date_gmt":"2014-07-06T01:25:39","guid":{"rendered":"http:\/\/mirath.org\/?page_id=4715"},"modified":"2014-07-06T02:25:39","modified_gmt":"2014-07-06T01:25:39","slug":"association-artistique-musicale-gharnata-tlemcen-algerie","status":"publish","type":"page","link":"https:\/\/mirath.org\/ar\/%d8%a3%d9%83%d8%a7%d8%af%d9%8a-%d9%85%d9%8a%d8%b1%d8%a7%d8%ab-academirath\/musique-tlemcen\/association-artistique-musicale-gharnata-tlemcen-algerie\/","title":{"rendered":"ASSOCIATION ARTISTIQUE ET MUSICALE GHARNATA  (TLEMCEN- ALGERIE)"},"content":{"rendered":"<p>&nbsp;<\/p>\n<h1><a title=\"Bref Historique de Gharnata\" href=\"http:\/\/localhost\/wordpress\/?p=4708\"><strong>Bref Historique<\/strong><\/a><\/h1>\n<p>&nbsp;<\/p>\n<h1><a title=\"Le Syst\u00e8m p\u00e9dagogique de Gharnata\" href=\"http:\/\/localhost\/wordpress\/?p=4708\">Le Syst\u00e8me P\u00e9dagogique de l&rsquo;Ecole de Musique arabo-andalouse de Gharnata Tlemcen<\/a><\/h1>\n<p>&nbsp;<\/p>\n<h1><a title=\"Mode SIKA\" href=\"http:\/\/localhost\/wordpress\/?p=4710\"><em>Mode SIKA<\/em><\/a><\/h1>\n<p>&nbsp;<\/p>\n<h1><a title=\"Mode Zidane\" href=\"http:\/\/localhost\/wordpress\/?=p4712\">Ensembles de pi\u00e8ces du Mode \u00a0ZIDANE<\/a><\/h1>","protected":false},"excerpt":{"rendered":"<p>&nbsp; Bref Historique &nbsp; Le Syst\u00e8me P\u00e9dagogique de l&rsquo;Ecole de Musique arabo-andalouse de Gharnata Tlemcen &nbsp; Mode SIKA &nbsp; Ensembles de pi\u00e8ces du Mode \u00a0ZIDANE<\/p>","protected":false},"author":1,"featured_media":0,"parent":4701,"menu_order":1,"comment_status":"open","ping_status":"open","template":"","meta":{"_et_pb_use_builder":"","_et_pb_old_content":"","_et_gb_content_width":""},"yoast_head":"<!-- This site is optimized with the Yoast SEO plugin v21.8.1 - https:\/\/yoast.com\/wordpress\/plugins\/seo\/ -->\n<title>ASSOCIATION ARTISTIQUE ET MUSICALE GHARNATA (TLEMCEN- ALGERIE) - Mirath<\/title>\n<meta name=\"robots\" content=\"index, follow, max-snippet:-1, max-image-preview:large, max-video-preview:-1\" \/>\n<link rel=\"canonical\" href=\"https:\/\/mirath.org\/ar\/\u0623\u0643\u0627\u062f\u064a-\u0645\u064a\u0631\u0627\u062b-academirath\/musique-tlemcen\/association-artistique-musicale-gharnata-tlemcen-algerie\/\" \/>\n<meta property=\"og:locale\" content=\"ar_AR\" \/>\n<meta property=\"og:type\" content=\"article\" \/>\n<meta property=\"og:title\" content=\"ASSOCIATION ARTISTIQUE ET MUSICALE GHARNATA (TLEMCEN- ALGERIE) - Mirath\" \/>\n<meta property=\"og:description\" content=\"&nbsp; Bref Historique &nbsp; Le Syst\u00e8me P\u00e9dagogique de l&rsquo;Ecole de Musique arabo-andalouse de Gharnata Tlemcen &nbsp; Mode SIKA &nbsp; Ensembles de pi\u00e8ces du Mode \u00a0ZIDANE\" \/>\n<meta property=\"og:url\" content=\"https:\/\/mirath.org\/ar\/\u0623\u0643\u0627\u062f\u064a-\u0645\u064a\u0631\u0627\u062b-academirath\/musique-tlemcen\/association-artistique-musicale-gharnata-tlemcen-algerie\/\" \/>\n<meta property=\"og:site_name\" content=\"Mirath\" \/>\n<meta name=\"twitter:card\" content=\"summary_large_image\" \/>\n<script type=\"application\/ld+json\" class=\"yoast-schema-graph\">{\"@context\":\"https:\/\/schema.org\",\"@graph\":[{\"@type\":\"WebPage\",\"@id\":\"https:\/\/mirath.org\/%d8%a3%d9%83%d8%a7%d8%af%d9%8a-%d9%85%d9%8a%d8%b1%d8%a7%d8%ab-academirath\/musique-tlemcen\/association-artistique-musicale-gharnata-tlemcen-algerie\/\",\"url\":\"https:\/\/mirath.org\/%d8%a3%d9%83%d8%a7%d8%af%d9%8a-%d9%85%d9%8a%d8%b1%d8%a7%d8%ab-academirath\/musique-tlemcen\/association-artistique-musicale-gharnata-tlemcen-algerie\/\",\"name\":\"ASSOCIATION ARTISTIQUE ET MUSICALE GHARNATA (TLEMCEN- ALGERIE) - Mirath\",\"isPartOf\":{\"@id\":\"https:\/\/mirath.org\/#website\"},\"datePublished\":\"2014-07-06T01:25:39+00:00\",\"dateModified\":\"2014-07-06T01:25:39+00:00\",\"breadcrumb\":{\"@id\":\"https:\/\/mirath.org\/%d8%a3%d9%83%d8%a7%d8%af%d9%8a-%d9%85%d9%8a%d8%b1%d8%a7%d8%ab-academirath\/musique-tlemcen\/association-artistique-musicale-gharnata-tlemcen-algerie\/#breadcrumb\"},\"inLanguage\":\"ar\",\"potentialAction\":[{\"@type\":\"ReadAction\",\"target\":[\"https:\/\/mirath.org\/%d8%a3%d9%83%d8%a7%d8%af%d9%8a-%d9%85%d9%8a%d8%b1%d8%a7%d8%ab-academirath\/musique-tlemcen\/association-artistique-musicale-gharnata-tlemcen-algerie\/\"]}]},{\"@type\":\"BreadcrumbList\",\"@id\":\"https:\/\/mirath.org\/%d8%a3%d9%83%d8%a7%d8%af%d9%8a-%d9%85%d9%8a%d8%b1%d8%a7%d8%ab-academirath\/musique-tlemcen\/association-artistique-musicale-gharnata-tlemcen-algerie\/#breadcrumb\",\"itemListElement\":[{\"@type\":\"ListItem\",\"position\":1,\"name\":\"Accueil\",\"item\":\"https:\/\/mirath.org\/\"},{\"@type\":\"ListItem\",\"position\":2,\"name\":\"\u0623\u0643\u0627\u062f \u0645\u064a\u0631\u0627\u062b academirath\",\"item\":\"https:\/\/mirath.org\/%d8%a3%d9%83%d8%a7%d8%af%d9%8a-%d9%85%d9%8a%d8%b1%d8%a7%d8%ab-academirath\/\"},{\"@type\":\"ListItem\",\"position\":3,\"name\":\"Musique de Tlemcen\",\"item\":\"https:\/\/mirath.org\/%d8%a3%d9%83%d8%a7%d8%af%d9%8a-%d9%85%d9%8a%d8%b1%d8%a7%d8%ab-academirath\/musique-tlemcen\/\"},{\"@type\":\"ListItem\",\"position\":4,\"name\":\"ASSOCIATION ARTISTIQUE ET MUSICALE GHARNATA (TLEMCEN- ALGERIE)\"}]},{\"@type\":\"WebSite\",\"@id\":\"https:\/\/mirath.org\/#website\",\"url\":\"https:\/\/mirath.org\/\",\"name\":\"Mirath\",\"description\":\"Legacy\",\"potentialAction\":[{\"@type\":\"SearchAction\",\"target\":{\"@type\":\"EntryPoint\",\"urlTemplate\":\"https:\/\/mirath.org\/?s={search_term_string}\"},\"query-input\":\"required name=search_term_string\"}],\"inLanguage\":\"ar\"}]}<\/script>\n<!-- \/ Yoast SEO plugin. -->","yoast_head_json":{"title":"ASSOCIATION ARTISTIQUE ET MUSICALE GHARNATA (TLEMCEN- ALGERIE) - Mirath","robots":{"index":"index","follow":"follow","max-snippet":"max-snippet:-1","max-image-preview":"max-image-preview:large","max-video-preview":"max-video-preview:-1"},"canonical":"https:\/\/mirath.org\/ar\/\u0623\u0643\u0627\u062f\u064a-\u0645\u064a\u0631\u0627\u062b-academirath\/musique-tlemcen\/association-artistique-musicale-gharnata-tlemcen-algerie\/","og_locale":"ar_AR","og_type":"article","og_title":"ASSOCIATION ARTISTIQUE ET MUSICALE GHARNATA (TLEMCEN- ALGERIE) - Mirath","og_description":"&nbsp; Bref Historique &nbsp; Le Syst\u00e8me P\u00e9dagogique de l&rsquo;Ecole de Musique arabo-andalouse de Gharnata Tlemcen &nbsp; Mode SIKA &nbsp; Ensembles de pi\u00e8ces du Mode \u00a0ZIDANE","og_url":"https:\/\/mirath.org\/ar\/\u0623\u0643\u0627\u062f\u064a-\u0645\u064a\u0631\u0627\u062b-academirath\/musique-tlemcen\/association-artistique-musicale-gharnata-tlemcen-algerie\/","og_site_name":"Mirath","twitter_card":"summary_large_image","schema":{"@context":"https:\/\/schema.org","@graph":[{"@type":"WebPage","@id":"https:\/\/mirath.org\/%d8%a3%d9%83%d8%a7%d8%af%d9%8a-%d9%85%d9%8a%d8%b1%d8%a7%d8%ab-academirath\/musique-tlemcen\/association-artistique-musicale-gharnata-tlemcen-algerie\/","url":"https:\/\/mirath.org\/%d8%a3%d9%83%d8%a7%d8%af%d9%8a-%d9%85%d9%8a%d8%b1%d8%a7%d8%ab-academirath\/musique-tlemcen\/association-artistique-musicale-gharnata-tlemcen-algerie\/","name":"ASSOCIATION ARTISTIQUE ET MUSICALE GHARNATA (TLEMCEN- ALGERIE) - Mirath","isPartOf":{"@id":"https:\/\/mirath.org\/#website"},"datePublished":"2014-07-06T01:25:39+00:00","dateModified":"2014-07-06T01:25:39+00:00","breadcrumb":{"@id":"https:\/\/mirath.org\/%d8%a3%d9%83%d8%a7%d8%af%d9%8a-%d9%85%d9%8a%d8%b1%d8%a7%d8%ab-academirath\/musique-tlemcen\/association-artistique-musicale-gharnata-tlemcen-algerie\/#breadcrumb"},"inLanguage":"ar","potentialAction":[{"@type":"ReadAction","target":["https:\/\/mirath.org\/%d8%a3%d9%83%d8%a7%d8%af%d9%8a-%d9%85%d9%8a%d8%b1%d8%a7%d8%ab-academirath\/musique-tlemcen\/association-artistique-musicale-gharnata-tlemcen-algerie\/"]}]},{"@type":"BreadcrumbList","@id":"https:\/\/mirath.org\/%d8%a3%d9%83%d8%a7%d8%af%d9%8a-%d9%85%d9%8a%d8%b1%d8%a7%d8%ab-academirath\/musique-tlemcen\/association-artistique-musicale-gharnata-tlemcen-algerie\/#breadcrumb","itemListElement":[{"@type":"ListItem","position":1,"name":"Accueil","item":"https:\/\/mirath.org\/"},{"@type":"ListItem","position":2,"name":"\u0623\u0643\u0627\u062f \u0645\u064a\u0631\u0627\u062b academirath","item":"https:\/\/mirath.org\/%d8%a3%d9%83%d8%a7%d8%af%d9%8a-%d9%85%d9%8a%d8%b1%d8%a7%d8%ab-academirath\/"},{"@type":"ListItem","position":3,"name":"Musique de Tlemcen","item":"https:\/\/mirath.org\/%d8%a3%d9%83%d8%a7%d8%af%d9%8a-%d9%85%d9%8a%d8%b1%d8%a7%d8%ab-academirath\/musique-tlemcen\/"},{"@type":"ListItem","position":4,"name":"ASSOCIATION ARTISTIQUE ET MUSICALE GHARNATA (TLEMCEN- ALGERIE)"}]},{"@type":"WebSite","@id":"https:\/\/mirath.org\/#website","url":"https:\/\/mirath.org\/","name":"Mirath","description":"Legacy","potentialAction":[{"@type":"SearchAction","target":{"@type":"EntryPoint","urlTemplate":"https:\/\/mirath.org\/?s={search_term_string}"},"query-input":"required name=search_term_string"}],"inLanguage":"ar"}]}},"jetpack_sharing_enabled":true,"_links":{"self":[{"href":"https:\/\/mirath.org\/ar\/wp-json\/wp\/v2\/pages\/4715"}],"collection":[{"href":"https:\/\/mirath.org\/ar\/wp-json\/wp\/v2\/pages"}],"about":[{"href":"https:\/\/mirath.org\/ar\/wp-json\/wp\/v2\/types\/page"}],"author":[{"embeddable":true,"href":"https:\/\/mirath.org\/ar\/wp-json\/wp\/v2\/users\/1"}],"replies":[{"embeddable":true,"href":"https:\/\/mirath.org\/ar\/wp-json\/wp\/v2\/comments?post=4715"}],"version-history":[{"count":0,"href":"https:\/\/mirath.org\/ar\/wp-json\/wp\/v2\/pages\/4715\/revisions"}],"up":[{"embeddable":true,"href":"https:\/\/mirath.org\/ar\/wp-json\/wp\/v2\/pages\/4701"}],"wp:attachment":[{"href":"https:\/\/mirath.org\/ar\/wp-json\/wp\/v2\/media?parent=4715"}],"curies":[{"name":"wp","href":"https:\/\/api.w.org\/{rel}","templated":true}]}}