{"id":4315,"date":"2014-04-13T08:25:37","date_gmt":"2014-04-13T07:25:37","guid":{"rendered":"http:\/\/mirath.org\/?page_id=4315"},"modified":"2014-04-13T08:25:37","modified_gmt":"2014-04-13T07:25:37","slug":"randonnees-memoriales","status":"publish","type":"page","link":"https:\/\/mirath.org\/ar\/%d8%a3%d9%83%d8%a7%d8%af%d9%8a-%d9%85%d9%8a%d8%b1%d8%a7%d8%ab-academirath\/randonnees-memoriales\/","title":{"rendered":"Randonn\u00e9es M\u00e9moriales"},"content":{"rendered":"<h1>RANDONNEES MEMORIALES<\/h1>\n<h1><\/h1>\n<h2><a title=\"\u062c\u0627\u0645\u0639 \u0623\u0642\u0627\u062f\u064a\u0631\" href=\"http:\/\/localhost\/wordpress\/?p=1457\">\u00a0\u0631\u062d\u0644\u0629 \u0641\u064a \u0622\u062b\u0627\u0631 \u0623\u0647\u0644 \u0627\u0644\u0628\u064a\u062a \u0628\u062a\u0644\u0645\u0633\u0627\u0646<\/a>\u00a0\u00a0<a title=\"Mosqu\u00e9e d'Agadir Tlemcen\" href=\"http:\/\/localhost\/wordpress\/?p=1446\">Sur les traces de Ahl Al-Bayt\u00a0\u00e0 Tlemcen<\/a><\/h2>\n<p><strong>Quand? \u00a0et O\u00f9?<\/strong><\/p>\n<p><a title=\"9 D\u00e9cembre 2012\" href=\"http:\/\/localhost\/wordpress\/?p=1483\">Tous les 9 D\u00e9cembre<\/a><\/p>\n<p>et<\/p>\n<p>T<a title=\"\u0641\u064a \u0630\u0643\u0631\u0649 1223 \u0644\u0627\u0641\u062a\u062a\u0627\u062d \u0645\u0633\u062c\u062f \u0623\u0642\u0627\u062f\u064a\u0631 \u062a\u0644\u0645\u0633\u0627\u0646 19 \u062c\u0648\u0627\u0646 790\u0645\" href=\"http:\/\/localhost\/wordpress\/?p=3008\">ous les 19 Juin<\/a><\/p>\n<p>\u00e0 10h.00 du matin devant le Parvis de la Mosqu\u00e9e d&rsquo;Agadir Tlemcen<\/p>\n<p>\u00e0 11h.00 devant le Mausol\u00e9e de Sid DAOUDI ben Nsar<\/p>\n<p>\u00e0 12h.00 devant le Mausol\u00e9e de Sidi Sliman Ibnou Abdallah al-Kamil \u00e0 Ain Al Houtz<\/p>\n<h2><\/h2>\n<h1><strong>Er-RIHLA Ech-CHOUAIBIYA<\/strong><\/h1>\n<p>&nbsp;<\/p>\n<p><strong>Quand? \u00a0et O\u00f9?<\/strong><\/p>\n<p>le vendredi qui suit le Mouloud (Vendredi 1 F\u00e9vrier 2013)<br \/>\net le vendredi autour du 13 novembre<\/p>\n<h1>Rihla 10 du 17-18 Octobre 2014<\/h1>\n<h1><\/h1>\n<h1>Rihla 9 du 14 et 15 Novembre 2014<\/h1>\n<h2><strong>Vendredi 14 Novembre \u00a02014<\/strong><\/h2>\n<p><em><strong>9h.30<\/strong><\/em>\u00a0\u2013 D\u00e9part de Bab et-Touitiyya du M\u00e9chouar-Sud vers la Station de Sidi Abdallah d\u2019Al-Ba\u2019al ( Lieu des premiers enseignements de Sidi Chouaib Aby-Madyan \u00e0 Tlemcen)<br \/>\n<em><strong>10h.30<\/strong><\/em>&#8211; D\u00e9part de la Station de Sidi Abdallah d\u2019Al-Ba\u2019al\u00a0vers le village de TAQBALET \u00a0dans la Daira de Bensekrane, Wilaya de Tlemcen, distant de 30 km. \u00e0 vol d&rsquo;oiseau &#8211; Lieu de la Quotbiyya de Sidi Chouaib Aby-Madyan &#8211;<\/p>\n<p>14h. -17h. S\u00e9ances de lecture autour des oeuvres de Sidi Choua\u00efb Aby-Madyan pr\u00e8s du lieu de la Quotbiyya<\/p>\n<h2><strong>Samedi 15 Novembre 2014<\/strong><\/h2>\n<p><em><strong>05h.00<\/strong><\/em>\u00a0: Marathon p\u00e9destre spirituel du lieu de la Quotbiyya de Sidi Chouaib Aby Madyan \u00e0 Ain-Taqbalet, vers Tlemcen \u00a0&#8211; Distance : 42km.,185<\/p>\n<p>13h.00 : Arriv\u00e9e au Mausol\u00e9e de Sidi Boum\u00e9di\u00e8ne au Village d&rsquo;Al-Eubbad TLEMCEN<\/p>\n<p>14h.00 : Arriv\u00e9e \u00e0 Sidi Abdallah d&rsquo;Al-Baal &#8211; lieu des premiers enseignements de Sidi Aby-Madyan \u00e0 Tlemcen &#8211;<\/p>\n<h1><\/h1>\n<h1>Rihla 8<\/h1>\n<h3>janvier 17\u00a0&#8211;\u00a0janvier 18<\/h3>\n<div id=\"post-3508\">\n<h2><strong>Vendredi 17 Janvier \u00a02014<\/strong><\/h2>\n<p><em><strong>9h.30<\/strong><\/em>\u00a0\u2013 D\u00e9part de Bab et-Touitiyya du M\u00e9chouar-Sud vers la Station de Sidi Abdallah d\u2019Al-Ba\u2019al ( Lieu des premiers enseignements de Sidi Chouaib Aby-Madyan \u00e0 Tlemcen)<br \/>\n<em><strong>10h.30<\/strong><\/em>&#8211; D\u00e9part de la Station de Sidi Abdallah d\u2019Al-Ba\u2019al\u00a0vers le village de TAQBALET \u00a0dans la Daira de Bensekrane, Wilaya de Tlemcen, distant de 30 km. \u00e0 vol d\u2019oiseau \u2013 Lieu de la Quotbiyya de Sidi Chouaib Aby-Madyan &#8211;<\/p>\n<p>14h. -17h. S\u00e9ances de lecture autour des oeuvres de Sidi Choua\u00efb Aby-Madyan pr\u00e8s du lieu de la Quotbiyya<\/p>\n<h1>\u00a0\u00a0<strong>Samedi 18 Janvier 2014<\/strong><\/h1>\n<p><em><strong>05h.00<\/strong><\/em>\u00a0: Marathon p\u00e9destre spirituel du lieu de la Quotbiyya de Sidi Chouaib Aby Madyan \u00e0 Ain-Taqbalet, vers Tlemcen \u00a0&#8211; Distance : 42km.,185<\/p>\n<p>13h.00 : Arriv\u00e9e au Mausol\u00e9e de Sidi Boum\u00e9di\u00e8ne au Village d\u2019Al-Eubbad TLEMCEN<\/p>\n<p>14h.00 : Arriv\u00e9e \u00e0 Sidi Abdallah d\u2019Al-Baal \u2013 lieu des premiers enseignements de Sidi Aby-Madyan \u00e0 Tlemcen &#8211;<\/p>\n<p>&nbsp;<\/p>\n<\/div>\n<h1>Rihla 7 du 15 et 16 Novembre 2013<\/h1>\n<p>&nbsp;<\/p>\n<h1><a title=\"\u0627\u0644\u0631\u062d\u0644\u0629 \u0627\u0644\u0634\u0639\u064a\u0628\u064a\u0629 6\" href=\"http:\/\/localhost\/wordpress\/?p=1930\">Rihla 6 du 1er et 2 Fevrier 2013<\/a><\/h1>\n<h2><strong>Vendredi 1 F\u00e9vrier \u00a02013<\/strong><\/h2>\n<p><em><strong>9h.00<\/strong><\/em>\u00a0\u2013 D\u00e9part de Bab et-Touitiyya du M\u00e9chouar-Sud vers la Station de Sidi Abdallah d\u2019Al-Ba\u2019al ( Lieu des premiers enseignements de Sidi Chouaib Aby-Madyan \u00e0 Tlemcen)<br \/>\n<em><strong>10h.00<\/strong><\/em>&#8211; D\u00e9part de la Station de Sidi Abdallah d\u2019Al-Ba\u2019al\u00a0vers le village de SIDI-BOUMEDIENE (ex-Hameau PERRET) dans la Daira de Ain-al Arbaa, Wilaya de Ain-Temouchent, distant de 100 km.<\/p>\n<h2><strong>Samedi 2 F\u00e9vrier 2013<\/strong><\/h2>\n<p><em><strong>08h.00<\/strong><\/em>\u00a0: Marathon p\u00e9destre spirituel de la Station du village de SIDI-BOUMEDIENE vers Chentouf puis Ain-Temouchent puis Ain Kihal pour arriver \u00e0 Ain-Taqbalet, distante de 42km+ ( Lieu de la Quotbiyya de Sidi Chouaib Aby-Madyan.<br \/>\n<em><strong>15h.00 &#8211; 16h00 Arriv\u00e9e \u00e0 Ain-Taqbalet<\/strong><\/em><\/p>\n<p>17h.00 \u00a0&#8211; 18h.00 Retour sur Tlemcen<\/p>\n<p>&nbsp;<\/p>\n<p><a title=\"\u0627\u0644\u0631\u062d\u0644\u0629 \u0627\u0644\u0634\u0639\u0633\u0628\u064a\u0629 6\" href=\"http:\/\/localhost\/wordpress\/?p=1930\">Rihla 6 du 1 et 2 Fevrier 2013<\/a><\/p>\n<h2>\u00a0&#8212;&#8212;&#8212;&#8212;&#8212;&#8212;&#8212;&#8212;&#8212;&#8212;&#8212;&#8212;&#8212;&#8212;&#8211;<\/h2>\n<h2><a title=\"Rihla Chouaibiya 5\" href=\"http:\/\/localhost\/wordpress\/?p=1190\">Rihla 5 du 17-18 Novembre 2012<\/a><\/h2>\n<h2>Rihla 4 du<\/h2>\n<h2><a title=\"Rihla Mouloud 2011\" href=\"http:\/\/localhost\/wordpress\/?p=972\">Rihla 3 du 18 Novembre 2011<\/a><\/h2>\n<h2><a title=\"Rihla Nov.2006\" href=\"http:\/\/localhost\/wordpress\/?p=896\">Rihla 2 du 17-18 Novembre 2006<\/a><\/h2>\n<p>Rihla 1<\/p>\n<p>&nbsp;<\/p>\n<p>&nbsp;<\/p>","protected":false},"excerpt":{"rendered":"<p>RANDONNEES MEMORIALES \u00a0\u0631\u062d\u0644\u0629 \u0641\u064a \u0622\u062b\u0627\u0631 \u0623\u0647\u0644 \u0627\u0644\u0628\u064a\u062a \u0628\u062a\u0644\u0645\u0633\u0627\u0646\u00a0\u00a0Sur les traces de Ahl Al-Bayt\u00a0\u00e0 Tlemcen Quand? \u00a0et O\u00f9? Tous les 9 D\u00e9cembre et Tous les 19 Juin \u00e0 10h.00 du matin devant le Parvis de la Mosqu\u00e9e d&rsquo;Agadir Tlemcen \u00e0 11h.00 devant le Mausol\u00e9e de Sid DAOUDI ben Nsar \u00e0 12h.00 devant le Mausol\u00e9e de Sidi [&hellip;]<\/p>\n","protected":false},"author":1,"featured_media":0,"parent":4152,"menu_order":10,"comment_status":"open","ping_status":"open","template":"","meta":{"_et_pb_use_builder":"","_et_pb_old_content":"","_et_gb_content_width":""},"yoast_head":"<!-- This site is optimized with the Yoast SEO plugin v21.8.1 - https:\/\/yoast.com\/wordpress\/plugins\/seo\/ -->\n<title>Randonn\u00e9es M\u00e9moriales - Mirath<\/title>\n<meta name=\"robots\" content=\"index, follow, max-snippet:-1, max-image-preview:large, max-video-preview:-1\" \/>\n<link rel=\"canonical\" href=\"https:\/\/mirath.org\/ar\/\u0623\u0643\u0627\u062f\u064a-\u0645\u064a\u0631\u0627\u062b-academirath\/randonnees-memoriales\/\" \/>\n<meta property=\"og:locale\" content=\"ar_AR\" \/>\n<meta property=\"og:type\" content=\"article\" \/>\n<meta property=\"og:title\" content=\"Randonn\u00e9es M\u00e9moriales - Mirath\" \/>\n<meta property=\"og:description\" content=\"RANDONNEES MEMORIALES \u00a0\u0631\u062d\u0644\u0629 \u0641\u064a \u0622\u062b\u0627\u0631 \u0623\u0647\u0644 \u0627\u0644\u0628\u064a\u062a \u0628\u062a\u0644\u0645\u0633\u0627\u0646\u00a0\u00a0Sur les traces de Ahl Al-Bayt\u00a0\u00e0 Tlemcen Quand? \u00a0et O\u00f9? Tous les 9 D\u00e9cembre et Tous les 19 Juin \u00e0 10h.00 du matin devant le Parvis de la Mosqu\u00e9e d&rsquo;Agadir Tlemcen \u00e0 11h.00 devant le Mausol\u00e9e de Sid DAOUDI ben Nsar \u00e0 12h.00 devant le Mausol\u00e9e de Sidi [&hellip;]\" \/>\n<meta property=\"og:url\" content=\"https:\/\/mirath.org\/ar\/\u0623\u0643\u0627\u062f\u064a-\u0645\u064a\u0631\u0627\u062b-academirath\/randonnees-memoriales\/\" \/>\n<meta property=\"og:site_name\" content=\"Mirath\" \/>\n<meta name=\"twitter:card\" content=\"summary_large_image\" \/>\n<meta name=\"twitter:label1\" content=\"\u0648\u0642\u062a \u0627\u0644\u0642\u0631\u0627\u0621\u0629 \u0627\u0644\u0645\u064f\u0642\u062f\u0651\u0631\" \/>\n\t<meta name=\"twitter:data1\" content=\"3 \u062f\u0642\u0627\u0626\u0642\" \/>\n<script type=\"application\/ld+json\" class=\"yoast-schema-graph\">{\"@context\":\"https:\/\/schema.org\",\"@graph\":[{\"@type\":\"WebPage\",\"@id\":\"https:\/\/mirath.org\/%d8%a3%d9%83%d8%a7%d8%af%d9%8a-%d9%85%d9%8a%d8%b1%d8%a7%d8%ab-academirath\/randonnees-memoriales\/\",\"url\":\"https:\/\/mirath.org\/%d8%a3%d9%83%d8%a7%d8%af%d9%8a-%d9%85%d9%8a%d8%b1%d8%a7%d8%ab-academirath\/randonnees-memoriales\/\",\"name\":\"Randonn\u00e9es M\u00e9moriales - Mirath\",\"isPartOf\":{\"@id\":\"https:\/\/mirath.org\/#website\"},\"datePublished\":\"2014-04-13T07:25:37+00:00\",\"dateModified\":\"2014-04-13T07:25:37+00:00\",\"breadcrumb\":{\"@id\":\"https:\/\/mirath.org\/%d8%a3%d9%83%d8%a7%d8%af%d9%8a-%d9%85%d9%8a%d8%b1%d8%a7%d8%ab-academirath\/randonnees-memoriales\/#breadcrumb\"},\"inLanguage\":\"ar\",\"potentialAction\":[{\"@type\":\"ReadAction\",\"target\":[\"https:\/\/mirath.org\/%d8%a3%d9%83%d8%a7%d8%af%d9%8a-%d9%85%d9%8a%d8%b1%d8%a7%d8%ab-academirath\/randonnees-memoriales\/\"]}]},{\"@type\":\"BreadcrumbList\",\"@id\":\"https:\/\/mirath.org\/%d8%a3%d9%83%d8%a7%d8%af%d9%8a-%d9%85%d9%8a%d8%b1%d8%a7%d8%ab-academirath\/randonnees-memoriales\/#breadcrumb\",\"itemListElement\":[{\"@type\":\"ListItem\",\"position\":1,\"name\":\"Accueil\",\"item\":\"https:\/\/mirath.org\/\"},{\"@type\":\"ListItem\",\"position\":2,\"name\":\"\u0623\u0643\u0627\u062f \u0645\u064a\u0631\u0627\u062b academirath\",\"item\":\"https:\/\/mirath.org\/%d8%a3%d9%83%d8%a7%d8%af%d9%8a-%d9%85%d9%8a%d8%b1%d8%a7%d8%ab-academirath\/\"},{\"@type\":\"ListItem\",\"position\":3,\"name\":\"Randonn\u00e9es M\u00e9moriales\"}]},{\"@type\":\"WebSite\",\"@id\":\"https:\/\/mirath.org\/#website\",\"url\":\"https:\/\/mirath.org\/\",\"name\":\"Mirath\",\"description\":\"Legacy\",\"potentialAction\":[{\"@type\":\"SearchAction\",\"target\":{\"@type\":\"EntryPoint\",\"urlTemplate\":\"https:\/\/mirath.org\/?s={search_term_string}\"},\"query-input\":\"required name=search_term_string\"}],\"inLanguage\":\"ar\"}]}<\/script>\n<!-- \/ Yoast SEO plugin. -->","yoast_head_json":{"title":"Randonn\u00e9es M\u00e9moriales - Mirath","robots":{"index":"index","follow":"follow","max-snippet":"max-snippet:-1","max-image-preview":"max-image-preview:large","max-video-preview":"max-video-preview:-1"},"canonical":"https:\/\/mirath.org\/ar\/\u0623\u0643\u0627\u062f\u064a-\u0645\u064a\u0631\u0627\u062b-academirath\/randonnees-memoriales\/","og_locale":"ar_AR","og_type":"article","og_title":"Randonn\u00e9es M\u00e9moriales - Mirath","og_description":"RANDONNEES MEMORIALES \u00a0\u0631\u062d\u0644\u0629 \u0641\u064a \u0622\u062b\u0627\u0631 \u0623\u0647\u0644 \u0627\u0644\u0628\u064a\u062a \u0628\u062a\u0644\u0645\u0633\u0627\u0646\u00a0\u00a0Sur les traces de Ahl Al-Bayt\u00a0\u00e0 Tlemcen Quand? \u00a0et O\u00f9? Tous les 9 D\u00e9cembre et Tous les 19 Juin \u00e0 10h.00 du matin devant le Parvis de la Mosqu\u00e9e d&rsquo;Agadir Tlemcen \u00e0 11h.00 devant le Mausol\u00e9e de Sid DAOUDI ben Nsar \u00e0 12h.00 devant le Mausol\u00e9e de Sidi [&hellip;]","og_url":"https:\/\/mirath.org\/ar\/\u0623\u0643\u0627\u062f\u064a-\u0645\u064a\u0631\u0627\u062b-academirath\/randonnees-memoriales\/","og_site_name":"Mirath","twitter_card":"summary_large_image","twitter_misc":{"\u0648\u0642\u062a \u0627\u0644\u0642\u0631\u0627\u0621\u0629 \u0627\u0644\u0645\u064f\u0642\u062f\u0651\u0631":"3 \u062f\u0642\u0627\u0626\u0642"},"schema":{"@context":"https:\/\/schema.org","@graph":[{"@type":"WebPage","@id":"https:\/\/mirath.org\/%d8%a3%d9%83%d8%a7%d8%af%d9%8a-%d9%85%d9%8a%d8%b1%d8%a7%d8%ab-academirath\/randonnees-memoriales\/","url":"https:\/\/mirath.org\/%d8%a3%d9%83%d8%a7%d8%af%d9%8a-%d9%85%d9%8a%d8%b1%d8%a7%d8%ab-academirath\/randonnees-memoriales\/","name":"Randonn\u00e9es M\u00e9moriales - Mirath","isPartOf":{"@id":"https:\/\/mirath.org\/#website"},"datePublished":"2014-04-13T07:25:37+00:00","dateModified":"2014-04-13T07:25:37+00:00","breadcrumb":{"@id":"https:\/\/mirath.org\/%d8%a3%d9%83%d8%a7%d8%af%d9%8a-%d9%85%d9%8a%d8%b1%d8%a7%d8%ab-academirath\/randonnees-memoriales\/#breadcrumb"},"inLanguage":"ar","potentialAction":[{"@type":"ReadAction","target":["https:\/\/mirath.org\/%d8%a3%d9%83%d8%a7%d8%af%d9%8a-%d9%85%d9%8a%d8%b1%d8%a7%d8%ab-academirath\/randonnees-memoriales\/"]}]},{"@type":"BreadcrumbList","@id":"https:\/\/mirath.org\/%d8%a3%d9%83%d8%a7%d8%af%d9%8a-%d9%85%d9%8a%d8%b1%d8%a7%d8%ab-academirath\/randonnees-memoriales\/#breadcrumb","itemListElement":[{"@type":"ListItem","position":1,"name":"Accueil","item":"https:\/\/mirath.org\/"},{"@type":"ListItem","position":2,"name":"\u0623\u0643\u0627\u062f \u0645\u064a\u0631\u0627\u062b academirath","item":"https:\/\/mirath.org\/%d8%a3%d9%83%d8%a7%d8%af%d9%8a-%d9%85%d9%8a%d8%b1%d8%a7%d8%ab-academirath\/"},{"@type":"ListItem","position":3,"name":"Randonn\u00e9es M\u00e9moriales"}]},{"@type":"WebSite","@id":"https:\/\/mirath.org\/#website","url":"https:\/\/mirath.org\/","name":"Mirath","description":"Legacy","potentialAction":[{"@type":"SearchAction","target":{"@type":"EntryPoint","urlTemplate":"https:\/\/mirath.org\/?s={search_term_string}"},"query-input":"required name=search_term_string"}],"inLanguage":"ar"}]}},"jetpack_sharing_enabled":true,"_links":{"self":[{"href":"https:\/\/mirath.org\/ar\/wp-json\/wp\/v2\/pages\/4315"}],"collection":[{"href":"https:\/\/mirath.org\/ar\/wp-json\/wp\/v2\/pages"}],"about":[{"href":"https:\/\/mirath.org\/ar\/wp-json\/wp\/v2\/types\/page"}],"author":[{"embeddable":true,"href":"https:\/\/mirath.org\/ar\/wp-json\/wp\/v2\/users\/1"}],"replies":[{"embeddable":true,"href":"https:\/\/mirath.org\/ar\/wp-json\/wp\/v2\/comments?post=4315"}],"version-history":[{"count":0,"href":"https:\/\/mirath.org\/ar\/wp-json\/wp\/v2\/pages\/4315\/revisions"}],"up":[{"embeddable":true,"href":"https:\/\/mirath.org\/ar\/wp-json\/wp\/v2\/pages\/4152"}],"wp:attachment":[{"href":"https:\/\/mirath.org\/ar\/wp-json\/wp\/v2\/media?parent=4315"}],"curies":[{"name":"wp","href":"https:\/\/api.w.org\/{rel}","templated":true}]}}