{"id":4313,"date":"2014-04-13T08:22:56","date_gmt":"2014-04-13T07:22:56","guid":{"rendered":"http:\/\/mirath.org\/?page_id=4313"},"modified":"2014-04-13T08:22:56","modified_gmt":"2014-04-13T07:22:56","slug":"randonnees-hebdomadaires","status":"publish","type":"page","link":"https:\/\/mirath.org\/ar\/randonnees-hebdomadaires\/","title":{"rendered":"Randonn\u00e9es Hebdomadaires"},"content":{"rendered":"<div>\n<h1>RANDONNEES FAMILIALES<\/h1>\n<p><strong>Quand? \u00a0 \u00a0<\/strong>Chaque SAMEDI matin <strong>O\u00f9? \u00a0 \u00a0\u00a0<\/strong>Direct \u00e0 la Station de Sidi Abdallah ben \u2018Ali d\u2019Al-Ba\u2019al dans le prolongement de Sidi TAHAR sur les hauteurs Est d\u2019Al-Eubbad TLEMCEN <em><strong>D\u00e9part:<\/strong><\/em>\u00a09h00- 9h.30 <em><strong>Retour:<\/strong><\/em>\u00a013h30 \u2013 14h.00<\/p>\n<blockquote><p>Expression sportive et psychique sur un circuit d\u2019une heure de marche, une heure de repos pique-nique, et une heure pour le retour au point de d\u00e9part<\/p><\/blockquote>\n<ul>\n<li>Dialogue de g\u00e9n\u00e9rations p\u00e8re m\u00e8re et enfants dans un environnement \u00abparadisiaque\u00bb.<\/li>\n<li>Tenue et \u00e9quipements adapt\u00e9s.<\/li>\n<\/ul>\n<h1>Randonn\u00e9e du 13-06-2015<\/h1>\n<h1 style=\"text-align: center;\">\u00a0<a href=\"http:\/\/localhost\/wordpress\/wp-content\/uploads\/2014\/04\/IMG_9351.jpg\"><img decoding=\"async\" class=\"aligncenter size-medium wp-image-5517\" src=\"http:\/\/localhost\/wordpress\/wp-content\/uploads\/2014\/04\/IMG_9351-300x225.jpg\" alt=\"\u0646\u0638\u0631\u0629 \u0627\u0644\u0646\u0639\u064a\u0645 \u0645\u0646 \u0623\u0639\u0627\u0644\u064a \u0648\u0631\u064a\u0637 \u062a\u0644\u0645\u0633\u0627\u0646\" width=\"300\" height=\"225\" \/><\/a><\/h1>\n<h1 style=\"text-align: right;\"><a href=\"http:\/\/youtu.be\/Bx2fiEMvvUM\">\u062a\u0644\u0645\u0633\u0627\u0646 &#8211; \u0623\u0645\u064a\u0646\u0629 \u0645\u064a\u0645\u0648\u0646\u064a<\/a><\/h1>\n<h1><span style=\"text-decoration: underline;\">Randonn\u00e9e du 06-06-2015<\/span><\/h1>\n<div id=\"attachment_5499\" style=\"width: 310px\" class=\"wp-caption aligncenter\"><a href=\"http:\/\/localhost\/wordpress\/wp-content\/uploads\/2014\/04\/Rand.06-06-2015-3.jpg\"><img decoding=\"async\" aria-describedby=\"caption-attachment-5499\" class=\"size-medium wp-image-5499\" src=\"http:\/\/localhost\/wordpress\/wp-content\/uploads\/2014\/04\/Rand.06-06-2015-3-300x225.jpg\" alt=\"Devant le Parvis de la Po\u00e9sie\" width=\"300\" height=\"225\" \/><\/a><p id=\"caption-attachment-5499\" class=\"wp-caption-text\">Devant le Parvis de la Po\u00e9sie<\/p><\/div>\n<\/div>\n<h1 style=\"text-align: right;\"><a href=\"https:\/\/youtu.be\/WUcWskR_ONU\">\u0642\u0644\u0628\u064a \u0644\u062a\u0644\u0645\u0633\u0627\u0646 \u0623\u0645\u064a\u0646\u0629 \u0645\u064a\u0645\u0648\u0646\u064a<\/a><\/h1>\n<div id=\"attachment_5500\" style=\"width: 310px\" class=\"wp-caption aligncenter\"><a href=\"http:\/\/localhost\/wordpress\/wp-content\/uploads\/2014\/04\/Rand.06-06-2015-6.jpg\"><img decoding=\"async\" aria-describedby=\"caption-attachment-5500\" class=\"size-medium wp-image-5500\" src=\"http:\/\/localhost\/wordpress\/wp-content\/uploads\/2014\/04\/Rand.06-06-2015-6-300x225.jpg\" alt=\"Halte avant la Source\" width=\"300\" height=\"225\" \/><\/a><p id=\"caption-attachment-5500\" class=\"wp-caption-text\">Halte avant la Source<\/p><\/div>\n<h1 style=\"text-align: right;\"><a href=\"https:\/\/youtu.be\/79ZijSjNtwA\">\u0623\u0646\u0627 \u064a\u0627 \u0628\u0631\u0627\u0646\u064a \u063a\u0631\u064a\u0628 &#8211; \u0623\u0645\u064a\u0646\u0629 \u0645\u064a\u0645\u0648\u0646\u064a<\/a><\/h1>\n<div id=\"attachment_5501\" style=\"width: 310px\" class=\"wp-caption aligncenter\"><a href=\"http:\/\/localhost\/wordpress\/wp-content\/uploads\/2014\/04\/Rand.06-06-2015-10.jpg\"><img decoding=\"async\" aria-describedby=\"caption-attachment-5501\" class=\"size-medium wp-image-5501\" src=\"http:\/\/localhost\/wordpress\/wp-content\/uploads\/2014\/04\/Rand.06-06-2015-10-300x225.jpg\" alt=\"Autour de Ain Al-Ghomri\" width=\"300\" height=\"225\" \/><\/a><p id=\"caption-attachment-5501\" class=\"wp-caption-text\">Autour de Ain Al-Ghomri<\/p><\/div>\n<h1 style=\"text-align: right;\"><\/h1>\n<div id=\"attachment_5502\" style=\"width: 235px\" class=\"wp-caption aligncenter\"><a href=\"http:\/\/localhost\/wordpress\/wp-content\/uploads\/2014\/04\/Rand.06-06-2015-33.jpg\"><img decoding=\"async\" aria-describedby=\"caption-attachment-5502\" class=\"size-medium wp-image-5502\" src=\"http:\/\/localhost\/wordpress\/wp-content\/uploads\/2014\/04\/Rand.06-06-2015-33-225x300.jpg\" alt=\"Lorsque les racines s'accrochent \u00e0 leur terre\" width=\"225\" height=\"300\" \/><\/a><p id=\"caption-attachment-5502\" class=\"wp-caption-text\">Lorsque les racines s&rsquo;accrochent \u00e0 leur terre<\/p><\/div>\n<p>&nbsp;<\/p>\n<h1><span style=\"text-decoration: underline;\">Randonn\u00e9e du 30-05-2015<\/span><\/h1>\n<p>&nbsp;<\/p>\n<h1 style=\"text-align: right;\"><a href=\"https:\/\/www.youtube.com\/watch?v=oWzFzNdS0rY\">\u0635\u0628\u0627\u062d \u0627\u0644\u062e\u064a\u0631 &#8211; \u0627\u0645\u064a\u0646\u0629 \u0645\u064a\u0645\u0648\u0646\u064a<\/a><\/h1>\n<div id=\"attachment_5503\" style=\"width: 310px\" class=\"wp-caption aligncenter\"><a href=\"http:\/\/localhost\/wordpress\/wp-content\/uploads\/2014\/04\/Rand.-30-5-2015-R\u00e9flexologie-Ain-Al-Ghomri.jpg\"><img decoding=\"async\" aria-describedby=\"caption-attachment-5503\" class=\"size-medium wp-image-5503\" src=\"http:\/\/localhost\/wordpress\/wp-content\/uploads\/2014\/04\/Rand.-30-5-2015-R\u00e9flexologie-Ain-Al-Ghomri-300x225.jpg\" alt=\"Reflexologie\" width=\"300\" height=\"225\" \/><\/a><p id=\"caption-attachment-5503\" class=\"wp-caption-text\">Reflexologie<\/p><\/div>\n<p>&nbsp;<\/p>\n<h1 style=\"text-align: right;\"><a href=\"https:\/\/youtu.be\/3j9hThN7CeU\">\u0642\u0644\u0639\u0629 \u0627\u0644\u0635\u0645\u062a &#8211; \u0623\u0645\u064a\u0646\u0629 \u0645\u064a\u0645\u0648\u0646\u064a<\/a><\/h1>\n<p>&nbsp;<\/p>\n<div id=\"attachment_5504\" style=\"width: 310px\" class=\"wp-caption aligncenter\"><a href=\"http:\/\/localhost\/wordpress\/wp-content\/uploads\/2014\/04\/Rand.-30-5-2015-Sur-le-Chemin-du-retour-1.jpg\"><img decoding=\"async\" aria-describedby=\"caption-attachment-5504\" class=\"size-medium wp-image-5504\" src=\"http:\/\/localhost\/wordpress\/wp-content\/uploads\/2014\/04\/Rand.-30-5-2015-Sur-le-Chemin-du-retour-1-300x225.jpg\" alt=\"Sur le chemin du retour\" width=\"300\" height=\"225\" \/><\/a><p id=\"caption-attachment-5504\" class=\"wp-caption-text\">Sur le chemin du retour<\/p><\/div>\n<p>&nbsp;<\/p>","protected":false},"excerpt":{"rendered":"<p>RANDONNEES FAMILIALES Quand? \u00a0 \u00a0Chaque SAMEDI matin O\u00f9? \u00a0 \u00a0\u00a0Direct \u00e0 la Station de Sidi Abdallah ben \u2018Ali d\u2019Al-Ba\u2019al dans le prolongement de Sidi TAHAR sur les hauteurs Est d\u2019Al-Eubbad TLEMCEN D\u00e9part:\u00a09h00- 9h.30 Retour:\u00a013h30 \u2013 14h.00 Expression sportive et psychique sur un circuit d\u2019une heure de marche, une heure de repos pique-nique, et une heure [&hellip;]<\/p>\n","protected":false},"author":1,"featured_media":4883,"parent":0,"menu_order":0,"comment_status":"open","ping_status":"open","template":"","meta":{"_et_pb_use_builder":"","_et_pb_old_content":"","_et_gb_content_width":""},"yoast_head":"<!-- This site is optimized with the Yoast SEO plugin v21.8.1 - https:\/\/yoast.com\/wordpress\/plugins\/seo\/ -->\n<title>Randonn\u00e9es Hebdomadaires - Mirath<\/title>\n<meta name=\"robots\" content=\"index, follow, max-snippet:-1, max-image-preview:large, max-video-preview:-1\" \/>\n<link rel=\"canonical\" href=\"https:\/\/mirath.org\/ar\/randonnees-hebdomadaires\/\" \/>\n<meta property=\"og:locale\" content=\"ar_AR\" \/>\n<meta property=\"og:type\" content=\"article\" \/>\n<meta property=\"og:title\" content=\"Randonn\u00e9es Hebdomadaires - Mirath\" \/>\n<meta property=\"og:description\" content=\"RANDONNEES FAMILIALES Quand? \u00a0 \u00a0Chaque SAMEDI matin O\u00f9? \u00a0 \u00a0\u00a0Direct \u00e0 la Station de Sidi Abdallah ben \u2018Ali d\u2019Al-Ba\u2019al dans le prolongement de Sidi TAHAR sur les hauteurs Est d\u2019Al-Eubbad TLEMCEN D\u00e9part:\u00a09h00- 9h.30 Retour:\u00a013h30 \u2013 14h.00 Expression sportive et psychique sur un circuit d\u2019une heure de marche, une heure de repos pique-nique, et une heure [&hellip;]\" \/>\n<meta property=\"og:url\" content=\"https:\/\/mirath.org\/ar\/randonnees-hebdomadaires\/\" \/>\n<meta property=\"og:site_name\" content=\"Mirath\" \/>\n<meta name=\"twitter:card\" content=\"summary_large_image\" \/>\n<meta name=\"twitter:label1\" content=\"\u0648\u0642\u062a \u0627\u0644\u0642\u0631\u0627\u0621\u0629 \u0627\u0644\u0645\u064f\u0642\u062f\u0651\u0631\" \/>\n\t<meta name=\"twitter:data1\" content=\"\u062f\u0642\u064a\u0642\u0629 \u0648\u0627\u062d\u062f\u0629\" \/>\n<script type=\"application\/ld+json\" class=\"yoast-schema-graph\">{\"@context\":\"https:\/\/schema.org\",\"@graph\":[{\"@type\":\"WebPage\",\"@id\":\"https:\/\/mirath.org\/randonnees-hebdomadaires\/\",\"url\":\"https:\/\/mirath.org\/randonnees-hebdomadaires\/\",\"name\":\"Randonn\u00e9es Hebdomadaires - Mirath\",\"isPartOf\":{\"@id\":\"https:\/\/mirath.org\/#website\"},\"datePublished\":\"2014-04-13T07:22:56+00:00\",\"dateModified\":\"2014-04-13T07:22:56+00:00\",\"breadcrumb\":{\"@id\":\"https:\/\/mirath.org\/randonnees-hebdomadaires\/#breadcrumb\"},\"inLanguage\":\"ar\",\"potentialAction\":[{\"@type\":\"ReadAction\",\"target\":[\"https:\/\/mirath.org\/randonnees-hebdomadaires\/\"]}]},{\"@type\":\"BreadcrumbList\",\"@id\":\"https:\/\/mirath.org\/randonnees-hebdomadaires\/#breadcrumb\",\"itemListElement\":[{\"@type\":\"ListItem\",\"position\":1,\"name\":\"Accueil\",\"item\":\"https:\/\/mirath.org\/\"},{\"@type\":\"ListItem\",\"position\":2,\"name\":\"Randonn\u00e9es Hebdomadaires\"}]},{\"@type\":\"WebSite\",\"@id\":\"https:\/\/mirath.org\/#website\",\"url\":\"https:\/\/mirath.org\/\",\"name\":\"Mirath\",\"description\":\"Legacy\",\"potentialAction\":[{\"@type\":\"SearchAction\",\"target\":{\"@type\":\"EntryPoint\",\"urlTemplate\":\"https:\/\/mirath.org\/?s={search_term_string}\"},\"query-input\":\"required name=search_term_string\"}],\"inLanguage\":\"ar\"}]}<\/script>\n<!-- \/ Yoast SEO plugin. -->","yoast_head_json":{"title":"Randonn\u00e9es Hebdomadaires - Mirath","robots":{"index":"index","follow":"follow","max-snippet":"max-snippet:-1","max-image-preview":"max-image-preview:large","max-video-preview":"max-video-preview:-1"},"canonical":"https:\/\/mirath.org\/ar\/randonnees-hebdomadaires\/","og_locale":"ar_AR","og_type":"article","og_title":"Randonn\u00e9es Hebdomadaires - Mirath","og_description":"RANDONNEES FAMILIALES Quand? \u00a0 \u00a0Chaque SAMEDI matin O\u00f9? \u00a0 \u00a0\u00a0Direct \u00e0 la Station de Sidi Abdallah ben \u2018Ali d\u2019Al-Ba\u2019al dans le prolongement de Sidi TAHAR sur les hauteurs Est d\u2019Al-Eubbad TLEMCEN D\u00e9part:\u00a09h00- 9h.30 Retour:\u00a013h30 \u2013 14h.00 Expression sportive et psychique sur un circuit d\u2019une heure de marche, une heure de repos pique-nique, et une heure [&hellip;]","og_url":"https:\/\/mirath.org\/ar\/randonnees-hebdomadaires\/","og_site_name":"Mirath","twitter_card":"summary_large_image","twitter_misc":{"\u0648\u0642\u062a \u0627\u0644\u0642\u0631\u0627\u0621\u0629 \u0627\u0644\u0645\u064f\u0642\u062f\u0651\u0631":"\u062f\u0642\u064a\u0642\u0629 \u0648\u0627\u062d\u062f\u0629"},"schema":{"@context":"https:\/\/schema.org","@graph":[{"@type":"WebPage","@id":"https:\/\/mirath.org\/randonnees-hebdomadaires\/","url":"https:\/\/mirath.org\/randonnees-hebdomadaires\/","name":"Randonn\u00e9es Hebdomadaires - Mirath","isPartOf":{"@id":"https:\/\/mirath.org\/#website"},"datePublished":"2014-04-13T07:22:56+00:00","dateModified":"2014-04-13T07:22:56+00:00","breadcrumb":{"@id":"https:\/\/mirath.org\/randonnees-hebdomadaires\/#breadcrumb"},"inLanguage":"ar","potentialAction":[{"@type":"ReadAction","target":["https:\/\/mirath.org\/randonnees-hebdomadaires\/"]}]},{"@type":"BreadcrumbList","@id":"https:\/\/mirath.org\/randonnees-hebdomadaires\/#breadcrumb","itemListElement":[{"@type":"ListItem","position":1,"name":"Accueil","item":"https:\/\/mirath.org\/"},{"@type":"ListItem","position":2,"name":"Randonn\u00e9es Hebdomadaires"}]},{"@type":"WebSite","@id":"https:\/\/mirath.org\/#website","url":"https:\/\/mirath.org\/","name":"Mirath","description":"Legacy","potentialAction":[{"@type":"SearchAction","target":{"@type":"EntryPoint","urlTemplate":"https:\/\/mirath.org\/?s={search_term_string}"},"query-input":"required name=search_term_string"}],"inLanguage":"ar"}]}},"jetpack_sharing_enabled":true,"_links":{"self":[{"href":"https:\/\/mirath.org\/ar\/wp-json\/wp\/v2\/pages\/4313"}],"collection":[{"href":"https:\/\/mirath.org\/ar\/wp-json\/wp\/v2\/pages"}],"about":[{"href":"https:\/\/mirath.org\/ar\/wp-json\/wp\/v2\/types\/page"}],"author":[{"embeddable":true,"href":"https:\/\/mirath.org\/ar\/wp-json\/wp\/v2\/users\/1"}],"replies":[{"embeddable":true,"href":"https:\/\/mirath.org\/ar\/wp-json\/wp\/v2\/comments?post=4313"}],"version-history":[{"count":0,"href":"https:\/\/mirath.org\/ar\/wp-json\/wp\/v2\/pages\/4313\/revisions"}],"wp:featuredmedia":[{"embeddable":true,"href":"https:\/\/mirath.org\/ar\/wp-json\/"}],"wp:attachment":[{"href":"https:\/\/mirath.org\/ar\/wp-json\/wp\/v2\/media?parent=4313"}],"curies":[{"name":"wp","href":"https:\/\/api.w.org\/{rel}","templated":true}]}}