{"id":4152,"date":"2014-03-26T13:36:24","date_gmt":"2014-03-26T12:36:24","guid":{"rendered":"http:\/\/mirath.org\/?page_id=4152"},"modified":"2014-03-26T13:36:24","modified_gmt":"2014-03-26T12:36:24","slug":"%d8%a3%d9%83%d8%a7%d8%af%d9%8a-%d9%85%d9%8a%d8%b1%d8%a7%d8%ab-academirath","status":"publish","type":"page","link":"https:\/\/mirath.org\/ar\/%d8%a3%d9%83%d8%a7%d8%af%d9%8a-%d9%85%d9%8a%d8%b1%d8%a7%d8%ab-academirath\/","title":{"rendered":"\u0623\u0643\u0627\u062f \u0645\u064a\u0631\u0627\u062b academirath"},"content":{"rendered":"<h1>Cr\u00e9ation d&rsquo;une academirath \u00e0 l&rsquo;occasion du<a title=\"millenium\" href=\"http:\/\/localhost\/wordpress\/?p=4137\"> Mill\u00e9nium des S\u00e9ances Senouciennes <\/a>pour la g\u00e9n\u00e9ralisation du go\u00fbt de lecture et de r\u00e9flexion sur les mat\u00e9riaux du patrimoine immat\u00e9riel, legs, legacy, legado, de l&rsquo;occident musulman dans la pens\u00e9e universelle.<\/h1>\n<h1>L&rsquo;academirath se constitue d&rsquo;alv\u00e9oles de r\u00e9flexion et de recherche<\/h1>\n<h1>.<\/h1>\n<h1><em>Alv\u00e9ole de r\u00e9flexion sur<\/em><\/h1>\n<h1 style=\"text-align: center;\"><a title=\"Corps + Esprit\" href=\"http:\/\/localhost\/wordpress\/?p=3917\"><em> le CORPS+ESPRIT<\/em><\/a><\/h1>\n<p>On ne peut rien changer si on ne change pas soi-m\u00eame<\/p>\n<p>Chacun de nous est responsable de ce que nous appelons la Realit\u00e9<br \/>\nLa r\u00e9alit\u00e9 est le territoire<br \/>\nNous travaillons avec des cartes<br \/>\nLes cartes d\u00e9pendent de chacun d\u2019entre nous<br \/>\nDe chaque \u00e9v\u00e9nement que nous vivons ensemble chacun fait sa propre carte<br \/>\nLa difference est grande entre quelqu\u2019un qui a exp\u00e9riment\u00e9 une situation et celui qui a entendu parler de cet \u00e9v\u00e9nement<br \/>\nNotre mission est de faire admettre ces fondamentaux<br \/>\nLa Rihla est le premier pas vers la connaissance de soi<br \/>\nCORPS + ESPRIT<\/p>\n<h2 style=\"text-align: center;\">Mod\u00e9rateur: Pr. Mustapha DAIDJ<\/h2>\n<h1>.<\/h1>\n<h1><em>Alv\u00e9ole d&rsquo;Etude et de r\u00e9flexion sur\u00a0<\/em><\/h1>\n<h1 style=\"text-align: center;\"><a title=\"Al-Andalus\" href=\"http:\/\/localhost\/wordpress\/?p=3881\"><em>\u00a0\u0627\u0644\u0623\u0646\u062f\u0644\u0633 \u00a0Al-Andalus\u00a0<\/em><\/a><\/h1>\n<h2 style=\"text-align: center;\">Mod\u00e9rateur:<\/h2>\n<p>.<\/p>\n<h1><em>Alv\u00e9ole d&rsquo;Etude et d&rsquo;identification des Manuscrits<\/em><\/h1>\n<h1 style=\"text-align: center;\"><a title=\"Manuscrits\" href=\"http:\/\/localhost\/wordpress\/?p=3709\"><em>\u00a0\u0645\u062e\u0637\u0648\u0637\u0627\u062a MANUSCRITS<\/em><\/a><\/h1>\n<h2 style=\"text-align: center;\">Mod\u00e9rateur:<\/h2>\n<p>.<\/p>\n<p>&nbsp;<\/p>\n<h1><em>Alv\u00e9ole de r\u00e9flexion sur<\/em><\/h1>\n<h1 style=\"text-align: center;\"><a title=\"L'ART et LA SPIRITUALITE\" href=\"http:\/\/localhost\/wordpress\/?p=5330\"><em><span style=\"text-decoration: underline;\"><span style=\"color: #0066cc;\">l&rsquo;ART + la SPIRITUALITE<\/span><\/span><\/em><\/a><\/h1>\n<h2 style=\"text-align: center;\">\u00a0Mod\u00e9rateur: Mr. Yazid KHELOUFI<\/h2>","protected":false},"excerpt":{"rendered":"<p>Cr\u00e9ation d&rsquo;une academirath \u00e0 l&rsquo;occasion du Mill\u00e9nium des S\u00e9ances Senouciennes pour la g\u00e9n\u00e9ralisation du go\u00fbt de lecture et de r\u00e9flexion sur les mat\u00e9riaux du patrimoine immat\u00e9riel, legs, legacy, legado, de l&rsquo;occident musulman dans la pens\u00e9e universelle. L&rsquo;academirath se constitue d&rsquo;alv\u00e9oles de r\u00e9flexion et de recherche . Alv\u00e9ole de r\u00e9flexion sur le CORPS+ESPRIT On ne peut [&hellip;]<\/p>\n","protected":false},"author":1,"featured_media":0,"parent":0,"menu_order":1,"comment_status":"open","ping_status":"closed","template":"","meta":{"_et_pb_use_builder":"","_et_pb_old_content":"","_et_gb_content_width":""},"yoast_head":"<!-- This site is optimized with the Yoast SEO plugin v21.8.1 - https:\/\/yoast.com\/wordpress\/plugins\/seo\/ -->\n<title>\u0623\u0643\u0627\u062f \u0645\u064a\u0631\u0627\u062b academirath - Mirath<\/title>\n<meta name=\"robots\" content=\"index, follow, max-snippet:-1, max-image-preview:large, max-video-preview:-1\" \/>\n<link rel=\"canonical\" href=\"https:\/\/mirath.org\/ar\/\u0623\u0643\u0627\u062f\u064a-\u0645\u064a\u0631\u0627\u062b-academirath\/\" \/>\n<meta property=\"og:locale\" content=\"ar_AR\" \/>\n<meta property=\"og:type\" content=\"article\" \/>\n<meta property=\"og:title\" content=\"\u0623\u0643\u0627\u062f \u0645\u064a\u0631\u0627\u062b academirath - Mirath\" \/>\n<meta property=\"og:description\" content=\"Cr\u00e9ation d&rsquo;une academirath \u00e0 l&rsquo;occasion du Mill\u00e9nium des S\u00e9ances Senouciennes pour la g\u00e9n\u00e9ralisation du go\u00fbt de lecture et de r\u00e9flexion sur les mat\u00e9riaux du patrimoine immat\u00e9riel, legs, legacy, legado, de l&rsquo;occident musulman dans la pens\u00e9e universelle. L&rsquo;academirath se constitue d&rsquo;alv\u00e9oles de r\u00e9flexion et de recherche . Alv\u00e9ole de r\u00e9flexion sur le CORPS+ESPRIT On ne peut [&hellip;]\" \/>\n<meta property=\"og:url\" content=\"https:\/\/mirath.org\/ar\/\u0623\u0643\u0627\u062f\u064a-\u0645\u064a\u0631\u0627\u062b-academirath\/\" \/>\n<meta property=\"og:site_name\" content=\"Mirath\" \/>\n<meta name=\"twitter:card\" content=\"summary_large_image\" \/>\n<meta name=\"twitter:label1\" content=\"\u0648\u0642\u062a \u0627\u0644\u0642\u0631\u0627\u0621\u0629 \u0627\u0644\u0645\u064f\u0642\u062f\u0651\u0631\" \/>\n\t<meta name=\"twitter:data1\" content=\"\u062f\u0642\u064a\u0642\u0629 \u0648\u0627\u062d\u062f\u0629\" \/>\n<script type=\"application\/ld+json\" class=\"yoast-schema-graph\">{\"@context\":\"https:\/\/schema.org\",\"@graph\":[{\"@type\":\"WebPage\",\"@id\":\"https:\/\/mirath.org\/%d8%a3%d9%83%d8%a7%d8%af%d9%8a-%d9%85%d9%8a%d8%b1%d8%a7%d8%ab-academirath\/\",\"url\":\"https:\/\/mirath.org\/%d8%a3%d9%83%d8%a7%d8%af%d9%8a-%d9%85%d9%8a%d8%b1%d8%a7%d8%ab-academirath\/\",\"name\":\"\u0623\u0643\u0627\u062f \u0645\u064a\u0631\u0627\u062b academirath - Mirath\",\"isPartOf\":{\"@id\":\"https:\/\/mirath.org\/#website\"},\"datePublished\":\"2014-03-26T12:36:24+00:00\",\"dateModified\":\"2014-03-26T12:36:24+00:00\",\"breadcrumb\":{\"@id\":\"https:\/\/mirath.org\/%d8%a3%d9%83%d8%a7%d8%af%d9%8a-%d9%85%d9%8a%d8%b1%d8%a7%d8%ab-academirath\/#breadcrumb\"},\"inLanguage\":\"ar\",\"potentialAction\":[{\"@type\":\"ReadAction\",\"target\":[\"https:\/\/mirath.org\/%d8%a3%d9%83%d8%a7%d8%af%d9%8a-%d9%85%d9%8a%d8%b1%d8%a7%d8%ab-academirath\/\"]}]},{\"@type\":\"BreadcrumbList\",\"@id\":\"https:\/\/mirath.org\/%d8%a3%d9%83%d8%a7%d8%af%d9%8a-%d9%85%d9%8a%d8%b1%d8%a7%d8%ab-academirath\/#breadcrumb\",\"itemListElement\":[{\"@type\":\"ListItem\",\"position\":1,\"name\":\"Accueil\",\"item\":\"https:\/\/mirath.org\/\"},{\"@type\":\"ListItem\",\"position\":2,\"name\":\"\u0623\u0643\u0627\u062f \u0645\u064a\u0631\u0627\u062b academirath\"}]},{\"@type\":\"WebSite\",\"@id\":\"https:\/\/mirath.org\/#website\",\"url\":\"https:\/\/mirath.org\/\",\"name\":\"Mirath\",\"description\":\"Legacy\",\"potentialAction\":[{\"@type\":\"SearchAction\",\"target\":{\"@type\":\"EntryPoint\",\"urlTemplate\":\"https:\/\/mirath.org\/?s={search_term_string}\"},\"query-input\":\"required name=search_term_string\"}],\"inLanguage\":\"ar\"}]}<\/script>\n<!-- \/ Yoast SEO plugin. -->","yoast_head_json":{"title":"\u0623\u0643\u0627\u062f \u0645\u064a\u0631\u0627\u062b academirath - Mirath","robots":{"index":"index","follow":"follow","max-snippet":"max-snippet:-1","max-image-preview":"max-image-preview:large","max-video-preview":"max-video-preview:-1"},"canonical":"https:\/\/mirath.org\/ar\/\u0623\u0643\u0627\u062f\u064a-\u0645\u064a\u0631\u0627\u062b-academirath\/","og_locale":"ar_AR","og_type":"article","og_title":"\u0623\u0643\u0627\u062f \u0645\u064a\u0631\u0627\u062b academirath - Mirath","og_description":"Cr\u00e9ation d&rsquo;une academirath \u00e0 l&rsquo;occasion du Mill\u00e9nium des S\u00e9ances Senouciennes pour la g\u00e9n\u00e9ralisation du go\u00fbt de lecture et de r\u00e9flexion sur les mat\u00e9riaux du patrimoine immat\u00e9riel, legs, legacy, legado, de l&rsquo;occident musulman dans la pens\u00e9e universelle. L&rsquo;academirath se constitue d&rsquo;alv\u00e9oles de r\u00e9flexion et de recherche . Alv\u00e9ole de r\u00e9flexion sur le CORPS+ESPRIT On ne peut [&hellip;]","og_url":"https:\/\/mirath.org\/ar\/\u0623\u0643\u0627\u062f\u064a-\u0645\u064a\u0631\u0627\u062b-academirath\/","og_site_name":"Mirath","twitter_card":"summary_large_image","twitter_misc":{"\u0648\u0642\u062a \u0627\u0644\u0642\u0631\u0627\u0621\u0629 \u0627\u0644\u0645\u064f\u0642\u062f\u0651\u0631":"\u062f\u0642\u064a\u0642\u0629 \u0648\u0627\u062d\u062f\u0629"},"schema":{"@context":"https:\/\/schema.org","@graph":[{"@type":"WebPage","@id":"https:\/\/mirath.org\/%d8%a3%d9%83%d8%a7%d8%af%d9%8a-%d9%85%d9%8a%d8%b1%d8%a7%d8%ab-academirath\/","url":"https:\/\/mirath.org\/%d8%a3%d9%83%d8%a7%d8%af%d9%8a-%d9%85%d9%8a%d8%b1%d8%a7%d8%ab-academirath\/","name":"\u0623\u0643\u0627\u062f \u0645\u064a\u0631\u0627\u062b academirath - Mirath","isPartOf":{"@id":"https:\/\/mirath.org\/#website"},"datePublished":"2014-03-26T12:36:24+00:00","dateModified":"2014-03-26T12:36:24+00:00","breadcrumb":{"@id":"https:\/\/mirath.org\/%d8%a3%d9%83%d8%a7%d8%af%d9%8a-%d9%85%d9%8a%d8%b1%d8%a7%d8%ab-academirath\/#breadcrumb"},"inLanguage":"ar","potentialAction":[{"@type":"ReadAction","target":["https:\/\/mirath.org\/%d8%a3%d9%83%d8%a7%d8%af%d9%8a-%d9%85%d9%8a%d8%b1%d8%a7%d8%ab-academirath\/"]}]},{"@type":"BreadcrumbList","@id":"https:\/\/mirath.org\/%d8%a3%d9%83%d8%a7%d8%af%d9%8a-%d9%85%d9%8a%d8%b1%d8%a7%d8%ab-academirath\/#breadcrumb","itemListElement":[{"@type":"ListItem","position":1,"name":"Accueil","item":"https:\/\/mirath.org\/"},{"@type":"ListItem","position":2,"name":"\u0623\u0643\u0627\u062f \u0645\u064a\u0631\u0627\u062b academirath"}]},{"@type":"WebSite","@id":"https:\/\/mirath.org\/#website","url":"https:\/\/mirath.org\/","name":"Mirath","description":"Legacy","potentialAction":[{"@type":"SearchAction","target":{"@type":"EntryPoint","urlTemplate":"https:\/\/mirath.org\/?s={search_term_string}"},"query-input":"required name=search_term_string"}],"inLanguage":"ar"}]}},"jetpack_sharing_enabled":true,"_links":{"self":[{"href":"https:\/\/mirath.org\/ar\/wp-json\/wp\/v2\/pages\/4152"}],"collection":[{"href":"https:\/\/mirath.org\/ar\/wp-json\/wp\/v2\/pages"}],"about":[{"href":"https:\/\/mirath.org\/ar\/wp-json\/wp\/v2\/types\/page"}],"author":[{"embeddable":true,"href":"https:\/\/mirath.org\/ar\/wp-json\/wp\/v2\/users\/1"}],"replies":[{"embeddable":true,"href":"https:\/\/mirath.org\/ar\/wp-json\/wp\/v2\/comments?post=4152"}],"version-history":[{"count":0,"href":"https:\/\/mirath.org\/ar\/wp-json\/wp\/v2\/pages\/4152\/revisions"}],"wp:attachment":[{"href":"https:\/\/mirath.org\/ar\/wp-json\/wp\/v2\/media?parent=4152"}],"curies":[{"name":"wp","href":"https:\/\/api.w.org\/{rel}","templated":true}]}}