{"id":3775,"date":"2013-12-22T19:27:12","date_gmt":"2013-12-22T18:27:12","guid":{"rendered":"http:\/\/mirath.org\/?page_id=3775"},"modified":"2013-12-22T19:27:12","modified_gmt":"2013-12-22T18:27:12","slug":"%d9%85%d9%88%d9%84%d8%af%d9%8a%d8%a7%d8%aa-%d8%aa%d9%84%d9%85%d8%b3%d8%a7%d9%86-mouldiyyat-de-tlemcen","status":"publish","type":"page","link":"https:\/\/mirath.org\/ar\/%d8%a3%d9%83%d8%a7%d8%af%d9%8a-%d9%85%d9%8a%d8%b1%d8%a7%d8%ab-academirath\/%d9%85%d9%88%d9%84%d8%af%d9%8a%d8%a7%d8%aa-%d8%aa%d9%84%d9%85%d8%b3%d8%a7%d9%86-mouldiyyat-de-tlemcen\/","title":{"rendered":"\u0645\u0648\u0644\u062f\u064a\u0627\u062a \u062a\u0644\u0645\u0633\u0627\u0646 Mouldiyy\u00e2t de Tlemcen"},"content":{"rendered":"<p>&nbsp;<\/p>\n<h1 style=\"text-align: center;\"><a title=\"La nuitdu Mouloud au M\u00e9chouar de Tlemcen\" href=\"http:\/\/localhost\/wordpress\/?p=1947\">La nuit du Mouloud au M\u00e9chouar de Tlemcen<\/a><\/h1>\n<p>&nbsp;<\/p>\n<h1 style=\"text-align: center;\"><a title=\"\u0645\u0648\u0644\u062f\u064a\u0627\u062a \u0645\u0634\u0648\u0631 \u062a\u0644\u0645\u0633\u0627\u0646 \u0641\u064a \u0639\u0647\u062f \u0628\u0646\u064a \u0632\u064a\u0627\u0646\" href=\"http:\/\/localhost\/wordpress\/?p=1278\"><em>\u0645\u0648\u0644\u062f\u064a\u0627\u062a \u0645\u0634\u0648\u0631 \u062a\u0644\u0645\u0633\u0627\u0646 \u0641\u064a \u0639\u0647\u062f \u0628\u0646\u064a \u0632\u064a\u0627\u0646<\/em><\/a><\/h1>\n<p>&nbsp;<\/p>\n<h1 style=\"text-align: center;\"><a title=\"\u0645\u0648\u0644\u062f\u064a\u0627\u062a \u062a\u0644\u0645\u0633\u0627\u0646\" href=\"http:\/\/localhost\/wordpress\/1266\"><em>\u0645\u0648\u0644\u062f\u064a\u0627\u062a \u062a\u0644\u0645\u0633\u0627\u0646<\/em><\/a><\/h1>\n<p>&nbsp;<\/p>\n<h1 style=\"text-align: center;\"><a title=\"\u0622\u0645\u0648\u0644\u0648\u062f \u0622\u0645\u0648\u0644\u0648\u062f\" href=\"http:\/\/localhost\/wordpress\/?p=1257\"><em>\u0622\u0645\u0648\u0644\u0648\u062f \u0622\u0645\u0648\u0644\u0648\u062f \u0647\u0630\u0627 \u0645\u0648\u0644\u0648\u062f \u0627\u0644\u0646\u0628\u064a<\/em><\/a><\/h1>\n<p>&nbsp;<\/p>\n<h1 style=\"text-align: center;\"><a title=\"\u0645\u0634\u0631\u0648\u0639\u064a\u0629\u0627\u0644\u0627\u062d\u062a\u0641\u0627\u0644 \u0628\u0627\u0644\u0645\u0648\u0644\u062f \u0627\u0644\u0646\u0628\u0648\u064a \u0627\u0644\u0634\u0631\u064a\u0641\" href=\"http:\/\/localhost\/wordpress\/?p=3794\">\u0645\u0634\u0631\u0648\u0639\u064a\u0629 \u0627\u0644\u0627\u062d\u062a\u0641\u0627\u0644 \u0628\u0627\u0644\u0645\u0648\u0644\u062f \u0627\u0644\u0646\u0628\u0648\u064a \u0627\u0644\u0634\u0631\u064a\u0641<\/a><\/h1>\n<p style=\"text-align: center;\">Qu\u2019est-ce que la naissance du Proph\u00e8te \u00e9voque chaque ann\u00e9e<\/p>\n<p style=\"text-align: center;\">dans l\u2019esprit du musulman\u00a0?<\/p>\n<h1 style=\"text-align: center;\"><a title=\"\u0633\u064a\u0631\u0629 1\" href=\"http:\/\/localhost\/wordpress\/?p=1533\"><em>\u0633\u064a\u0631\u0629 \u0631\u0633\u0648\u0644 \u0627\u0644\u0644\u0647 \u0635\u0644\u0649 \u0627\u0644\u0644\u0647 \u0639\u0644\u064a\u0647 \u0648\u0633\u0644\u0645<\/em><\/a><\/h1>\n<p>&nbsp;<\/p>\n<h1 style=\"text-align: center;\"><a title=\"\u0633\u064a\u0631\u06292\" href=\"http:\/\/localhost\/wordpress\/?p=1979\"><strong>\u0633\u064a\u0631\u0629 \u0631\u0633\u0648\u0644 \u0627\u0644\u0644\u0647 \u0635\u0644\u0649 \u0627\u0644\u0644\u0647 \u0639\u0644\u064a\u0647 \u0648\u0633\u0644\u0645<\/strong><\/a><\/h1>\n<p>&nbsp;<\/p>\n<h1 style=\"text-align: center;\"><a title=\"\u0642\u0635\u064a\u062f\u0629 \u0628\u0627\u0646\u062a \u0633\u0639\u0627\u062f\" href=\"http:\/\/localhost\/wordpress\/?p=2805\"><em>\u0642\u0635\u064a\u062f\u0629 \u00ab\u00a0\u0628\u0627\u0646\u062a \u0633\u0639\u0627\u062f\u00a0\u00bb \u0644\u0643\u0639\u0628 \u0628\u0646 \u0632\u0647\u064a\u0631<\/em><\/a><\/h1>\n<p>&nbsp;<\/p>\n<h1 style=\"text-align: center;\"><a title=\"\u0645\u0648\u0644\u062f\u064a\u0629 \u0627\u0628\u0646 \u0645\u0631\u0632\u0648\u0642 \u0627\u0644\u062c\u062f\" href=\"http:\/\/localhost\/wordpress\/?p=1550\"><em>\u0645\u0648\u0644\u062f\u064a\u0629 \u0627\u0628\u0646 \u0645\u0631\u0632\u0648\u0642 \u0627\u0644\u062c\u062f \u0641\u064a \u0627\u0641\u062a\u062a\u0627\u062d \u00a0\u0642\u0635\u0631 \u0627\u0644\u062d\u0645\u0631\u0627\u0621<\/em><\/a><\/h1>\n<h1 style=\"text-align: center;\"><a title=\"\u0645\u0648\u0644\u062f\u064a\u0629 \u0627\u0628\u0646 \u0645\u0631\u0632\u0648\u0642 \u0627\u0644\u062c\u062f\" href=\"http:\/\/localhost\/wordpress\/?p=1550\"><em> 08-01-1361<\/em><\/a><\/h1>\n<p>&nbsp;<\/p>\n<h1 style=\"text-align: center;\"><a title=\"\u0645\u0648\u0644\u062f\u064a\u0629 \u0627\u0628\u0646 \u062c\u0645\u0639\u0629 \u0627\u0644\u062a\u0644\u0627\u0644\u0633\u064a\" href=\"http:\/\/localhost\/wordpress\/?p=2038\"><em>\u0645\u0648\u0644\u062f\u064a\u0629 \u0627\u0628\u0646 \u062c\u0645\u0639\u0629 \u0627\u0644\u062a\u0644\u0627\u0644\u0633\u064a<\/em><\/a><\/h1>\n<p>.<\/p>\n<h1 style=\"text-align: center;\"><a title=\"\u0645\u0648\u0644\u062f\u064a\u0629 \u0627\u0628\u0646 \u0645\u0648\u0633\u0649 \u0627\u0644\u0645\u062f\u064a\u0648\u0646\u064a\" href=\"http:\/\/localhost\/wordpress\/?p=2029\"><em>\u0645\u0648\u0644\u062f\u064a\u0629 \u0627\u0628\u0646 \u0645\u0648\u0633\u0649 \u0627\u0644\u0645\u062f\u064a\u0648\u0646\u064a<\/em><\/a><\/h1>\n<p>.<\/p>\n<h1 style=\"text-align: center;\"><a title=\"\u0645\u0648\u0644\u062f\u064a\u0629 \u0627\u0628\u0646 \u064a\u0639\u0644\u0649\" href=\"http:\/\/localhost\/wordpress\/?p=2015\"><em>\u0645\u0648\u0644\u062f\u064a\u0629 \u0627\u0628\u0646 \u064a\u0639\u0644\u0649<\/em><\/a><\/h1>\n<p>.<\/p>\n<h1 style=\"text-align: center;\"><a title=\"\u0645\u0648\u0644\u062f\u064a\u0629 \u0627\u0628\u0646 \u0627\u0644\u0639\u0637\u0627\u0631\" href=\"http:\/\/localhost\/wordpress\/?p=2042\"><em>\u0645\u0648\u0644\u062f\u064a\u0629 \u0627\u0628\u0646 \u0627\u0644\u0639\u0637\u0627\u0631<\/em><\/a><\/h1>\n<p>.<\/p>\n<h1 style=\"text-align: center;\"><a title=\"\u0645\u0648\u0644\u062f\u064a\u0629 \u0627\u0644\u0634\u064a\u062e \u0627\u0644\u062d\u0645\u0627\u062f\u064a\" href=\"http:\/\/localhost\/wordpress\/?p=2055\"><em>\u0645\u0648\u0644\u062f\u064a\u0629 \u0627\u0644\u0634\u064a\u062e \u062d\u0645\u0627\u062f\u064a<\/em><\/a><\/h1>\n<p>.<\/p>\n<h1 style=\"text-align: center;\"><a title=\"\u0645\u062c\u0627\u0644\u0633 \u0633\u064a\u062f\u064a \u0627\u0644\u0639\u0631\u0648\u0633\u064a\" href=\"http:\/\/localhost\/wordpress\/?p=1281\"><em>\u0645\u062c\u0627\u0644\u0633 \u0633\u064a\u062f\u064a \u0627\u0644\u0639\u0631\u0648\u0633\u064a<\/em><\/a><\/h1>\n<p>.<\/p>\n<h1 style=\"text-align: center;\"><a title=\"\u0645\u0648\u0644\u062f \u0627\u0644\u0628\u0631\u0632\u0646\u062c\u064a\" href=\"http:\/\/localhost\/wordpress\/?p=3783\"><em>\u0645\u0648\u0644\u062f\u064a\u0629 \u00a0\u0627\u0644\u0628\u0631\u0632\u0646\u062c\u064a<\/em><\/a><\/h1>\n<p>.<\/p>\n<h1 style=\"text-align: center;\"><a title=\"\u0642\u0635\u064a\u062f\u0629 \u0628\u0631\u062f\u0629 \u0627\u0644\u0628\u0648\u0635\u064a\u0631\u064a\" href=\"http:\/\/localhost\/wordpress\/?p=2110\"><em>\u0642\u0635\u064a\u062f\u0629 \u0628\u0631\u062f\u0629 \u0627\u0644\u0628\u0648\u0635\u064a\u0631\u064a<\/em><\/a><\/h1>\n<p>.<\/p>\n<h1 style=\"text-align: center;\"><a title=\"\u0645\u062a\u0646 \u0627\u0644\u0647\u0645\u0632\u064a\u0629\" href=\"http:\/\/localhost\/wordpress\/?p=3779\/\"><em>\u0645\u062a\u0646 \u0627\u0644\u0647\u0645\u0632\u064a\u0629 \u0644\u0644\u0628\u0648\u0635\u064a\u0631\u064a<\/em><\/a><\/h1>\n<p>.<\/p>\n<p>&nbsp;<\/p>","protected":false},"excerpt":{"rendered":"<p>&nbsp; La nuit du Mouloud au M\u00e9chouar de Tlemcen &nbsp; \u0645\u0648\u0644\u062f\u064a\u0627\u062a \u0645\u0634\u0648\u0631 \u062a\u0644\u0645\u0633\u0627\u0646 \u0641\u064a \u0639\u0647\u062f \u0628\u0646\u064a \u0632\u064a\u0627\u0646 &nbsp; \u0645\u0648\u0644\u062f\u064a\u0627\u062a \u062a\u0644\u0645\u0633\u0627\u0646 &nbsp; \u0622\u0645\u0648\u0644\u0648\u062f \u0622\u0645\u0648\u0644\u0648\u062f \u0647\u0630\u0627 \u0645\u0648\u0644\u0648\u062f \u0627\u0644\u0646\u0628\u064a &nbsp; \u0645\u0634\u0631\u0648\u0639\u064a\u0629 \u0627\u0644\u0627\u062d\u062a\u0641\u0627\u0644 \u0628\u0627\u0644\u0645\u0648\u0644\u062f \u0627\u0644\u0646\u0628\u0648\u064a \u0627\u0644\u0634\u0631\u064a\u0641 Qu\u2019est-ce que la naissance du Proph\u00e8te \u00e9voque chaque ann\u00e9e dans l\u2019esprit du musulman\u00a0? \u0633\u064a\u0631\u0629 \u0631\u0633\u0648\u0644 \u0627\u0644\u0644\u0647 \u0635\u0644\u0649 \u0627\u0644\u0644\u0647 \u0639\u0644\u064a\u0647 \u0648\u0633\u0644\u0645 &nbsp; \u0633\u064a\u0631\u0629 \u0631\u0633\u0648\u0644 [&hellip;]<\/p>\n","protected":false},"author":1,"featured_media":0,"parent":4152,"menu_order":2,"comment_status":"open","ping_status":"open","template":"","meta":{"_et_pb_use_builder":"","_et_pb_old_content":"","_et_gb_content_width":""},"yoast_head":"<!-- This site is optimized with the Yoast SEO plugin v21.8.1 - https:\/\/yoast.com\/wordpress\/plugins\/seo\/ -->\n<title>\u0645\u0648\u0644\u062f\u064a\u0627\u062a \u062a\u0644\u0645\u0633\u0627\u0646 Mouldiyy\u00e2t de Tlemcen - Mirath<\/title>\n<meta name=\"robots\" content=\"index, follow, max-snippet:-1, max-image-preview:large, max-video-preview:-1\" \/>\n<link rel=\"canonical\" href=\"https:\/\/mirath.org\/ar\/\u0623\u0643\u0627\u062f\u064a-\u0645\u064a\u0631\u0627\u062b-academirath\/\u0645\u0648\u0644\u062f\u064a\u0627\u062a-\u062a\u0644\u0645\u0633\u0627\u0646-mouldiyyat-de-tlemcen\/\" \/>\n<meta property=\"og:locale\" content=\"ar_AR\" \/>\n<meta property=\"og:type\" content=\"article\" \/>\n<meta property=\"og:title\" content=\"\u0645\u0648\u0644\u062f\u064a\u0627\u062a \u062a\u0644\u0645\u0633\u0627\u0646 Mouldiyy\u00e2t de Tlemcen - Mirath\" \/>\n<meta property=\"og:description\" content=\"&nbsp; La nuit du Mouloud au M\u00e9chouar de Tlemcen &nbsp; \u0645\u0648\u0644\u062f\u064a\u0627\u062a \u0645\u0634\u0648\u0631 \u062a\u0644\u0645\u0633\u0627\u0646 \u0641\u064a \u0639\u0647\u062f \u0628\u0646\u064a \u0632\u064a\u0627\u0646 &nbsp; \u0645\u0648\u0644\u062f\u064a\u0627\u062a \u062a\u0644\u0645\u0633\u0627\u0646 &nbsp; \u0622\u0645\u0648\u0644\u0648\u062f \u0622\u0645\u0648\u0644\u0648\u062f \u0647\u0630\u0627 \u0645\u0648\u0644\u0648\u062f \u0627\u0644\u0646\u0628\u064a &nbsp; \u0645\u0634\u0631\u0648\u0639\u064a\u0629 \u0627\u0644\u0627\u062d\u062a\u0641\u0627\u0644 \u0628\u0627\u0644\u0645\u0648\u0644\u062f \u0627\u0644\u0646\u0628\u0648\u064a \u0627\u0644\u0634\u0631\u064a\u0641 Qu\u2019est-ce que la naissance du Proph\u00e8te \u00e9voque chaque ann\u00e9e dans l\u2019esprit du musulman\u00a0? \u0633\u064a\u0631\u0629 \u0631\u0633\u0648\u0644 \u0627\u0644\u0644\u0647 \u0635\u0644\u0649 \u0627\u0644\u0644\u0647 \u0639\u0644\u064a\u0647 \u0648\u0633\u0644\u0645 &nbsp; \u0633\u064a\u0631\u0629 \u0631\u0633\u0648\u0644 [&hellip;]\" \/>\n<meta property=\"og:url\" content=\"https:\/\/mirath.org\/ar\/\u0623\u0643\u0627\u062f\u064a-\u0645\u064a\u0631\u0627\u062b-academirath\/\u0645\u0648\u0644\u062f\u064a\u0627\u062a-\u062a\u0644\u0645\u0633\u0627\u0646-mouldiyyat-de-tlemcen\/\" \/>\n<meta property=\"og:site_name\" content=\"Mirath\" \/>\n<meta name=\"twitter:card\" content=\"summary_large_image\" \/>\n<script type=\"application\/ld+json\" class=\"yoast-schema-graph\">{\"@context\":\"https:\/\/schema.org\",\"@graph\":[{\"@type\":\"WebPage\",\"@id\":\"https:\/\/mirath.org\/%d8%a3%d9%83%d8%a7%d8%af%d9%8a-%d9%85%d9%8a%d8%b1%d8%a7%d8%ab-academirath\/%d9%85%d9%88%d9%84%d8%af%d9%8a%d8%a7%d8%aa-%d8%aa%d9%84%d9%85%d8%b3%d8%a7%d9%86-mouldiyyat-de-tlemcen\/\",\"url\":\"https:\/\/mirath.org\/%d8%a3%d9%83%d8%a7%d8%af%d9%8a-%d9%85%d9%8a%d8%b1%d8%a7%d8%ab-academirath\/%d9%85%d9%88%d9%84%d8%af%d9%8a%d8%a7%d8%aa-%d8%aa%d9%84%d9%85%d8%b3%d8%a7%d9%86-mouldiyyat-de-tlemcen\/\",\"name\":\"\u0645\u0648\u0644\u062f\u064a\u0627\u062a \u062a\u0644\u0645\u0633\u0627\u0646 Mouldiyy\u00e2t de Tlemcen - Mirath\",\"isPartOf\":{\"@id\":\"https:\/\/mirath.org\/#website\"},\"datePublished\":\"2013-12-22T18:27:12+00:00\",\"dateModified\":\"2013-12-22T18:27:12+00:00\",\"breadcrumb\":{\"@id\":\"https:\/\/mirath.org\/%d8%a3%d9%83%d8%a7%d8%af%d9%8a-%d9%85%d9%8a%d8%b1%d8%a7%d8%ab-academirath\/%d9%85%d9%88%d9%84%d8%af%d9%8a%d8%a7%d8%aa-%d8%aa%d9%84%d9%85%d8%b3%d8%a7%d9%86-mouldiyyat-de-tlemcen\/#breadcrumb\"},\"inLanguage\":\"ar\",\"potentialAction\":[{\"@type\":\"ReadAction\",\"target\":[\"https:\/\/mirath.org\/%d8%a3%d9%83%d8%a7%d8%af%d9%8a-%d9%85%d9%8a%d8%b1%d8%a7%d8%ab-academirath\/%d9%85%d9%88%d9%84%d8%af%d9%8a%d8%a7%d8%aa-%d8%aa%d9%84%d9%85%d8%b3%d8%a7%d9%86-mouldiyyat-de-tlemcen\/\"]}]},{\"@type\":\"BreadcrumbList\",\"@id\":\"https:\/\/mirath.org\/%d8%a3%d9%83%d8%a7%d8%af%d9%8a-%d9%85%d9%8a%d8%b1%d8%a7%d8%ab-academirath\/%d9%85%d9%88%d9%84%d8%af%d9%8a%d8%a7%d8%aa-%d8%aa%d9%84%d9%85%d8%b3%d8%a7%d9%86-mouldiyyat-de-tlemcen\/#breadcrumb\",\"itemListElement\":[{\"@type\":\"ListItem\",\"position\":1,\"name\":\"Accueil\",\"item\":\"https:\/\/mirath.org\/\"},{\"@type\":\"ListItem\",\"position\":2,\"name\":\"\u0623\u0643\u0627\u062f \u0645\u064a\u0631\u0627\u062b academirath\",\"item\":\"https:\/\/mirath.org\/%d8%a3%d9%83%d8%a7%d8%af%d9%8a-%d9%85%d9%8a%d8%b1%d8%a7%d8%ab-academirath\/\"},{\"@type\":\"ListItem\",\"position\":3,\"name\":\"\u0645\u0648\u0644\u062f\u064a\u0627\u062a \u062a\u0644\u0645\u0633\u0627\u0646 Mouldiyy\u00e2t de Tlemcen\"}]},{\"@type\":\"WebSite\",\"@id\":\"https:\/\/mirath.org\/#website\",\"url\":\"https:\/\/mirath.org\/\",\"name\":\"Mirath\",\"description\":\"Legacy\",\"potentialAction\":[{\"@type\":\"SearchAction\",\"target\":{\"@type\":\"EntryPoint\",\"urlTemplate\":\"https:\/\/mirath.org\/?s={search_term_string}\"},\"query-input\":\"required name=search_term_string\"}],\"inLanguage\":\"ar\"}]}<\/script>\n<!-- \/ Yoast SEO plugin. -->","yoast_head_json":{"title":"\u0645\u0648\u0644\u062f\u064a\u0627\u062a \u062a\u0644\u0645\u0633\u0627\u0646 Mouldiyy\u00e2t de Tlemcen - Mirath","robots":{"index":"index","follow":"follow","max-snippet":"max-snippet:-1","max-image-preview":"max-image-preview:large","max-video-preview":"max-video-preview:-1"},"canonical":"https:\/\/mirath.org\/ar\/\u0623\u0643\u0627\u062f\u064a-\u0645\u064a\u0631\u0627\u062b-academirath\/\u0645\u0648\u0644\u062f\u064a\u0627\u062a-\u062a\u0644\u0645\u0633\u0627\u0646-mouldiyyat-de-tlemcen\/","og_locale":"ar_AR","og_type":"article","og_title":"\u0645\u0648\u0644\u062f\u064a\u0627\u062a \u062a\u0644\u0645\u0633\u0627\u0646 Mouldiyy\u00e2t de Tlemcen - Mirath","og_description":"&nbsp; La nuit du Mouloud au M\u00e9chouar de Tlemcen &nbsp; \u0645\u0648\u0644\u062f\u064a\u0627\u062a \u0645\u0634\u0648\u0631 \u062a\u0644\u0645\u0633\u0627\u0646 \u0641\u064a \u0639\u0647\u062f \u0628\u0646\u064a \u0632\u064a\u0627\u0646 &nbsp; \u0645\u0648\u0644\u062f\u064a\u0627\u062a \u062a\u0644\u0645\u0633\u0627\u0646 &nbsp; \u0622\u0645\u0648\u0644\u0648\u062f \u0622\u0645\u0648\u0644\u0648\u062f \u0647\u0630\u0627 \u0645\u0648\u0644\u0648\u062f \u0627\u0644\u0646\u0628\u064a &nbsp; \u0645\u0634\u0631\u0648\u0639\u064a\u0629 \u0627\u0644\u0627\u062d\u062a\u0641\u0627\u0644 \u0628\u0627\u0644\u0645\u0648\u0644\u062f \u0627\u0644\u0646\u0628\u0648\u064a \u0627\u0644\u0634\u0631\u064a\u0641 Qu\u2019est-ce que la naissance du Proph\u00e8te \u00e9voque chaque ann\u00e9e dans l\u2019esprit du musulman\u00a0? \u0633\u064a\u0631\u0629 \u0631\u0633\u0648\u0644 \u0627\u0644\u0644\u0647 \u0635\u0644\u0649 \u0627\u0644\u0644\u0647 \u0639\u0644\u064a\u0647 \u0648\u0633\u0644\u0645 &nbsp; \u0633\u064a\u0631\u0629 \u0631\u0633\u0648\u0644 [&hellip;]","og_url":"https:\/\/mirath.org\/ar\/\u0623\u0643\u0627\u062f\u064a-\u0645\u064a\u0631\u0627\u062b-academirath\/\u0645\u0648\u0644\u062f\u064a\u0627\u062a-\u062a\u0644\u0645\u0633\u0627\u0646-mouldiyyat-de-tlemcen\/","og_site_name":"Mirath","twitter_card":"summary_large_image","schema":{"@context":"https:\/\/schema.org","@graph":[{"@type":"WebPage","@id":"https:\/\/mirath.org\/%d8%a3%d9%83%d8%a7%d8%af%d9%8a-%d9%85%d9%8a%d8%b1%d8%a7%d8%ab-academirath\/%d9%85%d9%88%d9%84%d8%af%d9%8a%d8%a7%d8%aa-%d8%aa%d9%84%d9%85%d8%b3%d8%a7%d9%86-mouldiyyat-de-tlemcen\/","url":"https:\/\/mirath.org\/%d8%a3%d9%83%d8%a7%d8%af%d9%8a-%d9%85%d9%8a%d8%b1%d8%a7%d8%ab-academirath\/%d9%85%d9%88%d9%84%d8%af%d9%8a%d8%a7%d8%aa-%d8%aa%d9%84%d9%85%d8%b3%d8%a7%d9%86-mouldiyyat-de-tlemcen\/","name":"\u0645\u0648\u0644\u062f\u064a\u0627\u062a \u062a\u0644\u0645\u0633\u0627\u0646 Mouldiyy\u00e2t de Tlemcen - Mirath","isPartOf":{"@id":"https:\/\/mirath.org\/#website"},"datePublished":"2013-12-22T18:27:12+00:00","dateModified":"2013-12-22T18:27:12+00:00","breadcrumb":{"@id":"https:\/\/mirath.org\/%d8%a3%d9%83%d8%a7%d8%af%d9%8a-%d9%85%d9%8a%d8%b1%d8%a7%d8%ab-academirath\/%d9%85%d9%88%d9%84%d8%af%d9%8a%d8%a7%d8%aa-%d8%aa%d9%84%d9%85%d8%b3%d8%a7%d9%86-mouldiyyat-de-tlemcen\/#breadcrumb"},"inLanguage":"ar","potentialAction":[{"@type":"ReadAction","target":["https:\/\/mirath.org\/%d8%a3%d9%83%d8%a7%d8%af%d9%8a-%d9%85%d9%8a%d8%b1%d8%a7%d8%ab-academirath\/%d9%85%d9%88%d9%84%d8%af%d9%8a%d8%a7%d8%aa-%d8%aa%d9%84%d9%85%d8%b3%d8%a7%d9%86-mouldiyyat-de-tlemcen\/"]}]},{"@type":"BreadcrumbList","@id":"https:\/\/mirath.org\/%d8%a3%d9%83%d8%a7%d8%af%d9%8a-%d9%85%d9%8a%d8%b1%d8%a7%d8%ab-academirath\/%d9%85%d9%88%d9%84%d8%af%d9%8a%d8%a7%d8%aa-%d8%aa%d9%84%d9%85%d8%b3%d8%a7%d9%86-mouldiyyat-de-tlemcen\/#breadcrumb","itemListElement":[{"@type":"ListItem","position":1,"name":"Accueil","item":"https:\/\/mirath.org\/"},{"@type":"ListItem","position":2,"name":"\u0623\u0643\u0627\u062f \u0645\u064a\u0631\u0627\u062b academirath","item":"https:\/\/mirath.org\/%d8%a3%d9%83%d8%a7%d8%af%d9%8a-%d9%85%d9%8a%d8%b1%d8%a7%d8%ab-academirath\/"},{"@type":"ListItem","position":3,"name":"\u0645\u0648\u0644\u062f\u064a\u0627\u062a \u062a\u0644\u0645\u0633\u0627\u0646 Mouldiyy\u00e2t de Tlemcen"}]},{"@type":"WebSite","@id":"https:\/\/mirath.org\/#website","url":"https:\/\/mirath.org\/","name":"Mirath","description":"Legacy","potentialAction":[{"@type":"SearchAction","target":{"@type":"EntryPoint","urlTemplate":"https:\/\/mirath.org\/?s={search_term_string}"},"query-input":"required name=search_term_string"}],"inLanguage":"ar"}]}},"jetpack_sharing_enabled":true,"_links":{"self":[{"href":"https:\/\/mirath.org\/ar\/wp-json\/wp\/v2\/pages\/3775"}],"collection":[{"href":"https:\/\/mirath.org\/ar\/wp-json\/wp\/v2\/pages"}],"about":[{"href":"https:\/\/mirath.org\/ar\/wp-json\/wp\/v2\/types\/page"}],"author":[{"embeddable":true,"href":"https:\/\/mirath.org\/ar\/wp-json\/wp\/v2\/users\/1"}],"replies":[{"embeddable":true,"href":"https:\/\/mirath.org\/ar\/wp-json\/wp\/v2\/comments?post=3775"}],"version-history":[{"count":0,"href":"https:\/\/mirath.org\/ar\/wp-json\/wp\/v2\/pages\/3775\/revisions"}],"up":[{"embeddable":true,"href":"https:\/\/mirath.org\/ar\/wp-json\/wp\/v2\/pages\/4152"}],"wp:attachment":[{"href":"https:\/\/mirath.org\/ar\/wp-json\/wp\/v2\/media?parent=3775"}],"curies":[{"name":"wp","href":"https:\/\/api.w.org\/{rel}","templated":true}]}}